{"id":470,"date":"2014-11-12T23:23:24","date_gmt":"2014-11-12T23:23:24","guid":{"rendered":"https:\/\/asdea.aisgan.org\/?page_id=470"},"modified":"2019-05-28T15:54:38","modified_gmt":"2019-05-28T15:54:38","slug":"con-la-sociedad","status":"publish","type":"page","link":"https:\/\/asdea.aisgan.org\/?page_id=470","title":{"rendered":"Con la sociedad"},"content":{"rendered":"<p style=\"text-align: justify;\"><a href=\"https:\/\/asdea.aisgan.org\/wp-content\/uploads\/2018\/12\/Con-la-sociedad.jpg\"><img loading=\"lazy\" decoding=\"async\" class=\"alignleft wp-image-1247 size-thumbnail\" src=\"https:\/\/asdea.aisgan.org\/wp-content\/uploads\/2018\/12\/Con-la-sociedad-150x150.jpg\" alt=\"\" width=\"150\" height=\"150\"><\/a>Lo manifestamos con la elaboraci\u00f3n de Proyectos de servicio a la sociedad, o mediante la adhesi\u00f3n a otros ya existentes que sean coherentes con el ideario scout y gu\u00eda, en alguno de los siguientes \u00e1mbitos:<\/p>\n<p style=\"text-align: justify;\">\u2022 El fomento del respeto a la vida y los derechos humanos.<\/p>\n<p style=\"text-align: justify;\">\u2022 EL trabajo por la justicia y la paz a fin de crear un mundo mejor.<\/p>\n<p style=\"text-align: justify;\">\u2022 La contribuci\u00f3n a la comprensi\u00f3n internacional e interracial, especialmente a trav\u00e9s de la amistad, la tolerancia y el respeto por los dem\u00e1s.<\/p>\n<p style=\"text-align: justify;\">\u2022 La cooperaci\u00f3n en la lucha contra el hambre.<\/p>\n<p style=\"text-align: justify;\">\u2022 La contribuci\u00f3n a la eliminaci\u00f3n de los riesgos de exclusi\u00f3n social<\/p>\n","protected":false},"excerpt":{"rendered":"<p>Lo manifestamos con la elaboraci\u00f3n de Proyectos de servicio a la sociedad, o mediante la adhesi\u00f3n a otros ya existentes que sean coherentes con el ideario scout y gu\u00eda, en alguno de los siguientes \u00e1mbitos: \u2022 El fomento del respeto a la vida y los derechos humanos. \u2022 EL trabajo&#8230; <a class=\"continue-reading-link\" href=\"https:\/\/asdea.aisgan.org\/?page_id=470\">Leer m\u00e1s<\/a><\/p>\n","protected":false},"author":11,"featured_media":0,"parent":1334,"menu_order":0,"comment_status":"closed","ping_status":"closed","template":"templates\/template-onecolumn.php","meta":{"ngg_post_thumbnail":0,"footnotes":""},"class_list":["post-470","page","type-page","status-publish","hentry"],"_links":{"self":[{"href":"https:\/\/asdea.aisgan.org\/index.php?rest_route=\/wp\/v2\/pages\/470","targetHints":{"allow":["GET"]}}],"collection":[{"href":"https:\/\/asdea.aisgan.org\/index.php?rest_route=\/wp\/v2\/pages"}],"about":[{"href":"https:\/\/asdea.aisgan.org\/index.php?rest_route=\/wp\/v2\/types\/page"}],"author":[{"embeddable":true,"href":"https:\/\/asdea.aisgan.org\/index.php?rest_route=\/wp\/v2\/users\/11"}],"replies":[{"embeddable":true,"href":"https:\/\/asdea.aisgan.org\/index.php?rest_route=%2Fwp%2Fv2%2Fcomments&post=470"}],"version-history":[{"count":3,"href":"https:\/\/asdea.aisgan.org\/index.php?rest_route=\/wp\/v2\/pages\/470\/revisions"}],"predecessor-version":[{"id":1501,"href":"https:\/\/asdea.aisgan.org\/index.php?rest_route=\/wp\/v2\/pages\/470\/revisions\/1501"}],"up":[{"embeddable":true,"href":"https:\/\/asdea.aisgan.org\/index.php?rest_route=\/wp\/v2\/pages\/1334"}],"wp:attachment":[{"href":"https:\/\/asdea.aisgan.org\/index.php?rest_route=%2Fwp%2Fv2%2Fmedia&parent=470"}],"curies":[{"name":"wp","href":"https:\/\/api.w.org\/{rel}","templated":true}]}}