{"id":464,"date":"2014-11-12T23:21:55","date_gmt":"2014-11-12T23:21:55","guid":{"rendered":"https:\/\/asdea.aisgan.org\/?page_id=464"},"modified":"2019-05-28T15:53:59","modified_gmt":"2019-05-28T15:53:59","slug":"con-el-medio-ambiente","status":"publish","type":"page","link":"https:\/\/asdea.aisgan.org\/?page_id=464","title":{"rendered":"Con el Medio ambiente"},"content":{"rendered":"<p style=\"text-align: justify;\"><a href=\"https:\/\/asdea.aisgan.org\/wp-content\/uploads\/2018\/12\/Con-el-Medio-Ambiente.jpg\"><img loading=\"lazy\" decoding=\"async\" class=\"alignleft wp-image-1249 size-thumbnail\" src=\"https:\/\/asdea.aisgan.org\/wp-content\/uploads\/2018\/12\/Con-el-Medio-Ambiente-150x150.jpg\" alt=\"\" width=\"150\" height=\"150\"><\/a>Lo ponemos en pr\u00e1ctica participando en:<\/p>\n<p style=\"text-align: justify;\">\u2022 Campa\u00f1as formativas acerca de la conveniencia, necesidad y utilidad de la Recuperaci\u00f3n, Reutilizaci\u00f3n y Reciclado (las tres erres) de los residuos as\u00ed como acerca de los medios, infraestructuras y servicios disponibles para ello.<\/p>\n<p style=\"text-align: justify;\">\u2022 Campa\u00f1as de concienciaci\u00f3n acerca de las buenas pr\u00e1cticas ciudadanas, industriales y de consumo responsable posibilitadoras de un Desarrollo Sostenible.<\/p>\n<p style=\"text-align: justify;\">\u2022 La difusi\u00f3n acerca de los beneficios y posibilidades reales de utilizaci\u00f3n de energ\u00edas alternativas renovables en el \u00e1mbito dom\u00e9stico.<\/p>\n<p style=\"text-align: justify;\">\u2022 La colaboraci\u00f3n y participaci\u00f3n con las campa\u00f1as de denuncia de atentados contra el medio ambiente.<\/p>\n<p style=\"text-align: justify;\">\u2022 La colaboraci\u00f3n y participaci\u00f3n en campa\u00f1as de recuperaci\u00f3n y\/o restauraci\u00f3n de montes, bosques y riveras de r\u00edos as\u00ed como de espacios de especial valor ecol\u00f3gico.<\/p>\n<p style=\"text-align: justify;\">\u2022 La colaboraci\u00f3n y participaci\u00f3n en campa\u00f1as de protecci\u00f3n de especies aut\u00f3ctonas en peligro de extinci\u00f3n, de su h\u00e1bitat y en la protecci\u00f3n de nuestra biodiversidad.<\/p>\n<p style=\"text-align: justify;\">Todo ello especialmente en nuestro \u00e1mbito geogr\u00e1fico de actuaci\u00f3n.<\/p>\n","protected":false},"excerpt":{"rendered":"<p>Lo ponemos en pr\u00e1ctica participando en: \u2022 Campa\u00f1as formativas acerca de la conveniencia, necesidad y utilidad de la Recuperaci\u00f3n, Reutilizaci\u00f3n y Reciclado (las tres erres) de los residuos as\u00ed como acerca de los medios, infraestructuras y servicios disponibles para ello. \u2022 Campa\u00f1as de concienciaci\u00f3n acerca de las buenas pr\u00e1cticas ciudadanas,&#8230; <a class=\"continue-reading-link\" href=\"https:\/\/asdea.aisgan.org\/?page_id=464\">Leer m\u00e1s<\/a><\/p>\n","protected":false},"author":11,"featured_media":0,"parent":1334,"menu_order":0,"comment_status":"closed","ping_status":"closed","template":"templates\/template-onecolumn.php","meta":{"ngg_post_thumbnail":0,"footnotes":""},"class_list":["post-464","page","type-page","status-publish","hentry"],"_links":{"self":[{"href":"https:\/\/asdea.aisgan.org\/index.php?rest_route=\/wp\/v2\/pages\/464","targetHints":{"allow":["GET"]}}],"collection":[{"href":"https:\/\/asdea.aisgan.org\/index.php?rest_route=\/wp\/v2\/pages"}],"about":[{"href":"https:\/\/asdea.aisgan.org\/index.php?rest_route=\/wp\/v2\/types\/page"}],"author":[{"embeddable":true,"href":"https:\/\/asdea.aisgan.org\/index.php?rest_route=\/wp\/v2\/users\/11"}],"replies":[{"embeddable":true,"href":"https:\/\/asdea.aisgan.org\/index.php?rest_route=%2Fwp%2Fv2%2Fcomments&post=464"}],"version-history":[{"count":3,"href":"https:\/\/asdea.aisgan.org\/index.php?rest_route=\/wp\/v2\/pages\/464\/revisions"}],"predecessor-version":[{"id":1499,"href":"https:\/\/asdea.aisgan.org\/index.php?rest_route=\/wp\/v2\/pages\/464\/revisions\/1499"}],"up":[{"embeddable":true,"href":"https:\/\/asdea.aisgan.org\/index.php?rest_route=\/wp\/v2\/pages\/1334"}],"wp:attachment":[{"href":"https:\/\/asdea.aisgan.org\/index.php?rest_route=%2Fwp%2Fv2%2Fmedia&parent=464"}],"curies":[{"name":"wp","href":"https:\/\/api.w.org\/{rel}","templated":true}]}}