{"id":461,"date":"2014-11-12T23:20:56","date_gmt":"2014-11-12T23:20:56","guid":{"rendered":"https:\/\/asdea.aisgan.org\/?page_id=461"},"modified":"2019-05-28T15:54:19","modified_gmt":"2019-05-28T15:54:19","slug":"con-la-infancia-y-la-juventud","status":"publish","type":"page","link":"https:\/\/asdea.aisgan.org\/?page_id=461","title":{"rendered":"Con la Infancia y la Juventud"},"content":{"rendered":"<p style=\"text-align: justify;\"><a href=\"https:\/\/asdea.aisgan.org\/wp-content\/uploads\/2018\/12\/Con-la-infancia-y-la-juventud.jpg\"><img loading=\"lazy\" decoding=\"async\" class=\"alignleft wp-image-1251 size-thumbnail\" src=\"https:\/\/asdea.aisgan.org\/wp-content\/uploads\/2018\/12\/Con-la-infancia-y-la-juventud-150x150.jpg\" alt=\"\" width=\"150\" height=\"150\"><\/a>\u2022 Ofrecer nuestra disponibilidad para apoyar, colaborar y fomentar el desarrollo infantil y juvenil en general y en especial hacia el Movimiento Scout y Gu\u00eda, cuando se nos solicite a trav\u00e9s de sus \u00f3rganos de gesti\u00f3n asociativa correspondiente.<\/p>\n<p style=\"text-align: justify;\">\u2022 Apoyar activamente a las organizaciones miembros de las mundiales AMGS (WAGGGS) y OMMS (WOSM) en el \u00e1mbito de actuaci\u00f3n de sus distintas localidades, provincias o comunidades aut\u00f3nomas.<\/p>\n<p style=\"text-align: justify;\">\u2022 Colaborar con las Asociaciones y Grupos Juveniles de Scouts y Gu\u00edas miembros de las mundiales AMGS (WAGGGS) y OMMS (WOSM) en el \u00e1mbito de actuaci\u00f3n de sus distintas localidades, provincias o comunidades aut\u00f3nomas.<\/p>\n<p style=\"text-align: justify;\">\u2022 Fomentar el desarrollo del asociacionismo scout y gu\u00eda infantil y juvenil en base a los convenios internacionales suscritos por AISG \u2013 ISGF (Internacional Scout and Guide Fellowship) con la WOSM (World Organization of the Scout Movement) y la WAGGGS (World Association of Girl Guides and Girl Scouts).<\/p>\n","protected":false},"excerpt":{"rendered":"<p>\u2022 Ofrecer nuestra disponibilidad para apoyar, colaborar y fomentar el desarrollo infantil y juvenil en general y en especial hacia el Movimiento Scout y Gu\u00eda, cuando se nos solicite a trav\u00e9s de sus \u00f3rganos de gesti\u00f3n asociativa correspondiente. \u2022 Apoyar activamente a las organizaciones miembros de las mundiales AMGS (WAGGGS)&#8230; <a class=\"continue-reading-link\" href=\"https:\/\/asdea.aisgan.org\/?page_id=461\">Leer m\u00e1s<\/a><\/p>\n","protected":false},"author":11,"featured_media":0,"parent":1334,"menu_order":0,"comment_status":"closed","ping_status":"closed","template":"templates\/template-onecolumn.php","meta":{"ngg_post_thumbnail":0,"footnotes":""},"class_list":["post-461","page","type-page","status-publish","hentry"],"_links":{"self":[{"href":"https:\/\/asdea.aisgan.org\/index.php?rest_route=\/wp\/v2\/pages\/461","targetHints":{"allow":["GET"]}}],"collection":[{"href":"https:\/\/asdea.aisgan.org\/index.php?rest_route=\/wp\/v2\/pages"}],"about":[{"href":"https:\/\/asdea.aisgan.org\/index.php?rest_route=\/wp\/v2\/types\/page"}],"author":[{"embeddable":true,"href":"https:\/\/asdea.aisgan.org\/index.php?rest_route=\/wp\/v2\/users\/11"}],"replies":[{"embeddable":true,"href":"https:\/\/asdea.aisgan.org\/index.php?rest_route=%2Fwp%2Fv2%2Fcomments&post=461"}],"version-history":[{"count":3,"href":"https:\/\/asdea.aisgan.org\/index.php?rest_route=\/wp\/v2\/pages\/461\/revisions"}],"predecessor-version":[{"id":1500,"href":"https:\/\/asdea.aisgan.org\/index.php?rest_route=\/wp\/v2\/pages\/461\/revisions\/1500"}],"up":[{"embeddable":true,"href":"https:\/\/asdea.aisgan.org\/index.php?rest_route=\/wp\/v2\/pages\/1334"}],"wp:attachment":[{"href":"https:\/\/asdea.aisgan.org\/index.php?rest_route=%2Fwp%2Fv2%2Fmedia&parent=461"}],"curies":[{"name":"wp","href":"https:\/\/api.w.org\/{rel}","templated":true}]}}