{"id":452,"date":"2014-11-12T23:15:10","date_gmt":"2014-11-12T23:15:10","guid":{"rendered":"https:\/\/asdea.aisgan.org\/?page_id=452"},"modified":"2019-05-28T15:52:04","modified_gmt":"2019-05-28T15:52:04","slug":"aisg-es","status":"publish","type":"page","link":"https:\/\/asdea.aisgan.org\/?page_id=452","title":{"rendered":"Nos definimos"},"content":{"rendered":"<div class=\"entry-content\">\n<p style=\"text-align: justify;\"><a href=\"https:\/\/asdea.aisgan.org\/wp-content\/uploads\/2015\/10\/Sin-t\u00edtulo-3.jpg\"><img loading=\"lazy\" decoding=\"async\" class=\"alignleft size-thumbnail wp-image-684\" src=\"https:\/\/asdea.aisgan.org\/wp-content\/uploads\/2015\/10\/Sin-t\u00edtulo-3-150x150.jpg\" alt=\"\" width=\"150\" height=\"150\"><\/a><strong>En ASDEA Akela-Sevilla<\/strong> nos definimos como una Asociaci\u00f3n:<\/p>\n<ul>\n<li style=\"text-align: justify;\">&nbsp;<strong>SCOUT Y GUIA<\/strong>&nbsp;en su forma de ser y actuar, compuesta por hombres y mujeres dispuestos a trasladar a la sociedad su actitud de servicio y a trabajar por transformar la sociedad en que vivimos, aplicando un c\u00f3digo de conducta extra\u00eddo del cumplimiento de la Ley y Promesa del Movimiento Scout y Gu\u00eda Mundial, constituyendo esto el Escultismo y Guidismo para adultos.<\/li>\n<li style=\"text-align: justify;\"><strong>PLURAL Y ABIERTA<\/strong>&nbsp;a todos los adultos sin distinci\u00f3n de raza, g\u00e9nero, nacionalidad o credo.<\/li>\n<li style=\"text-align: justify;\"><strong>DEMOCR\u00c1TICA<\/strong>&nbsp;en sus principios, en sus valores y en sus pr\u00e1cticas y estructuras.<\/li>\n<li style=\"text-align: justify;\">De car\u00e1cter&nbsp;<strong>VOLUNTARIO<\/strong>&nbsp;en su compromiso y pertenencia.<\/li>\n<li style=\"text-align: justify;\"><strong>INDEPENDIENTE.<\/strong> Tan solo sujeta a las directrices de la organizaci\u00f3n internacional a la que est\u00e1 afiliada (ISGF-AISG) y a los tratados de colaboraci\u00f3n que pudieran determinarse.<\/li>\n<li style=\"text-align: justify;\">&nbsp;<strong>ACONFESIONAL<\/strong>&nbsp;respetando cualquier manifestaci\u00f3n religiosa, espiritual o creencia de \u00edndole personal, siempre que no entre en conflicto con la \u00e9tica scout y gu\u00eda.<\/li>\n<li style=\"text-align: justify;\"><strong>DEFENSORA DE LA VIDA Y COMPROMETIDA CON LA DEFENSA DE LOS DERECHOS HUMANOS<\/strong>, especialmente cuando se trata de los m\u00e1s indefensos y vulnerables.<\/li>\n<li style=\"text-align: justify;\"><strong>RESPETUOSA Y CONSERVACIONISTA CON EL MEDIO AMBIENTE,<\/strong> desde el convencimiento de que una actitud proactiva en su defensa nos ayudar\u00e1 a mejorar el mundo.<\/li>\n<li style=\"text-align: justify;\"><strong>TOLERANTE Y RESPETUOSA<\/strong>&nbsp;con los dem\u00e1s.<\/li>\n<li style=\"text-align: justify;\"><strong>COMPROMETIDA Y SOLIDARIA<\/strong>&nbsp;especialmente con los m\u00e1s desfavorecidos y\/o en riesgo de exclusi\u00f3n social, o en las tareas de apoyo y\/o auxilio de las v\u00edctimas de cualquier cat\u00e1strofe humanitaria dentro o fuera de nuestras fronteras.<\/li>\n<\/ul>\n<\/div>\n","protected":false},"excerpt":{"rendered":"<p>En ASDEA Akela-Sevilla nos definimos como una Asociaci\u00f3n: &nbsp;SCOUT Y GUIA&nbsp;en su forma de ser y actuar, compuesta por hombres y mujeres dispuestos a trasladar a la sociedad su actitud de servicio y a trabajar por transformar la sociedad en que vivimos, aplicando un c\u00f3digo de conducta extra\u00eddo del cumplimiento&#8230; <a class=\"continue-reading-link\" href=\"https:\/\/asdea.aisgan.org\/?page_id=452\">Leer m\u00e1s<\/a><\/p>\n","protected":false},"author":11,"featured_media":0,"parent":0,"menu_order":0,"comment_status":"closed","ping_status":"closed","template":"templates\/template-onecolumn.php","meta":{"ngg_post_thumbnail":0,"footnotes":""},"class_list":["post-452","page","type-page","status-publish","hentry"],"_links":{"self":[{"href":"https:\/\/asdea.aisgan.org\/index.php?rest_route=\/wp\/v2\/pages\/452","targetHints":{"allow":["GET"]}}],"collection":[{"href":"https:\/\/asdea.aisgan.org\/index.php?rest_route=\/wp\/v2\/pages"}],"about":[{"href":"https:\/\/asdea.aisgan.org\/index.php?rest_route=\/wp\/v2\/types\/page"}],"author":[{"embeddable":true,"href":"https:\/\/asdea.aisgan.org\/index.php?rest_route=\/wp\/v2\/users\/11"}],"replies":[{"embeddable":true,"href":"https:\/\/asdea.aisgan.org\/index.php?rest_route=%2Fwp%2Fv2%2Fcomments&post=452"}],"version-history":[{"count":11,"href":"https:\/\/asdea.aisgan.org\/index.php?rest_route=\/wp\/v2\/pages\/452\/revisions"}],"predecessor-version":[{"id":1497,"href":"https:\/\/asdea.aisgan.org\/index.php?rest_route=\/wp\/v2\/pages\/452\/revisions\/1497"}],"wp:attachment":[{"href":"https:\/\/asdea.aisgan.org\/index.php?rest_route=%2Fwp%2Fv2%2Fmedia&parent=452"}],"curies":[{"name":"wp","href":"https:\/\/api.w.org\/{rel}","templated":true}]}}