{"id":1257,"date":"2018-12-27T22:25:44","date_gmt":"2018-12-27T22:25:44","guid":{"rendered":"https:\/\/asdea.aisgan.org\/?page_id=1257"},"modified":"2019-05-28T15:57:36","modified_gmt":"2019-05-28T15:57:36","slug":"privacidad-de-datos","status":"publish","type":"page","link":"https:\/\/asdea.aisgan.org\/?page_id=1257","title":{"rendered":"Privacidad de datos"},"content":{"rendered":"<p><span style=\"color: #3366ff;\"><strong>POL\u00cdTICA DE PROTECCI\u00d3N DE DATOS DE CAR\u00c1CTER PERSONAL:<\/strong><\/span><\/p>\n<p style=\"text-align: justify;\"><strong><a href=\"http:\/\/agae.aisg.es\/wp-content\/uploads\/2018\/09\/GDPR1.jpg\"><img loading=\"lazy\" decoding=\"async\" class=\"alignleft size-medium wp-image-21729\" src=\"http:\/\/agae.aisg.es\/wp-content\/uploads\/2018\/09\/GDPR1-300x240.jpg\" sizes=\"auto, (max-width: 300px) 100vw, 300px\" srcset=\"http:\/\/agae.aisg.es\/wp-content\/uploads\/2018\/09\/GDPR1-300x240.jpg 300w, http:\/\/agae.aisg.es\/wp-content\/uploads\/2018\/09\/GDPR1-438x350.jpg 438w, http:\/\/agae.aisg.es\/wp-content\/uploads\/2018\/09\/GDPR1-150x120.jpg 150w, http:\/\/agae.aisg.es\/wp-content\/uploads\/2018\/09\/GDPR1.jpg 750w\" alt=\"\" width=\"300\" height=\"240\"><\/a>1.1<\/strong>&nbsp; A los efectos de lo dispuesto en la Ley Org\u00e1nica 15\/1999, de 13 de Diciembre, de Protecci\u00f3n de Datos de Car\u00e1cter Personal, la&nbsp;<span style=\"color: #3366ff;\"><strong>ASOCIACI\u00d3N SEVILLANA DEL ESCULTISMO ADULTO AKELA<\/strong><\/span>&nbsp;informa al Usuario de la existencia de un fichero de datos de car\u00e1cter personal creado con los datos obtenidos en nuestra p\u00e1gina web y bajo su responsabilidad, con las finalidades de informaci\u00f3n y prestaci\u00f3n de los servicios ofrecidos en la web, as\u00ed como la realizaci\u00f3n de actividades promocionales y publicitarias mediante cualquier medio, incluyendo el env\u00edo de correos electr\u00f3nicos y de mensajes a trav\u00e9s de cualquier sistema incluyendo SMS, UTMS, etc., que puedan ser de su inter\u00e9s para ampliar y mejorar nuestros servicios, adecuando nuestras ofertas a sus preferencias o necesidades, a partir del estudio y segmentaci\u00f3n de la informaci\u00f3n personal y comercial que conste en nuestros ficheros como consecuencia de su acceso a la web, as\u00ed como para permitir una navegaci\u00f3n personalizada.<\/p>\n<p style=\"text-align: justify;\"><strong>1.2.&nbsp;<\/strong>El Usuario acepta expresamente la inclusi\u00f3n de los datos recabados durante la navegaci\u00f3n por la web, o proporcionados mediante la cumplimentaci\u00f3n de cualquier formulario, as\u00ed como los derivados de la relaci\u00f3n comercial, en el fichero automatizado de datos de car\u00e1cter personal referido en el apartado primero. Durante el proceso de recogida de datos, y en cada lugar de la web en el que se soliciten dichos datos, el Usuario ser\u00e1 informado, ya sea mediante un v\u00ednculo, ya sea mediante la inclusi\u00f3n de las menciones oportunas en el propio formulario, del car\u00e1cter obligatorio o no de recogida de tales datos para la prestaci\u00f3n de nuestros servicios.<\/p>\n<p style=\"text-align: justify;\"><strong>1.3<\/strong>&nbsp;El Usuario podr\u00e1 ejercitar, respecto de los datos recabados en la forma prevista en el apartado anterior, los derechos reconocidos en la Ley Org\u00e1nica 15\/1999, de 13 de diciembre, de Protecci\u00f3n de Datos de Car\u00e1cter Personal y toda la Normativa de Desarrollo m\u00e1s la Ley de Servicios de la Sociedad de la Informaci\u00f3n y de Comercio Electr\u00f3nico (LSSI-CE),y en particular los derechos de acceso, rectificaci\u00f3n o cancelaci\u00f3n de datos y oposici\u00f3n, siempre que resultase pertinente, as\u00ed como el de revocaci\u00f3n del consentimiento para la cesi\u00f3n de sus datos o para cualquiera de los usos antes se\u00f1alados. Los derechos referidos en el p\u00e1rrafo precedente, podr\u00e1n ejercitarse por cada Usuario a trav\u00e9s de un Formulario de solicitud de cancelaci\u00f3n. Haga clic aqu\u00ed para descargar el Formulario. La solicitud escrita y firmada podr\u00e1 enviarla por correo postal a la siguiente direcci\u00f3n, AGAE AISG-Andaluc\u00eda, Calle Javier de Tortosa sn- Despacho 6 \u2013 18008 \u2013 Granada, adjuntando fotocopia del DNI del Usuario.<\/p>\n<p style=\"text-align: justify;\"><strong>1.4.<\/strong>&nbsp;&nbsp;<strong>AISG- Sevilla<\/strong>&nbsp;informa que para el acceso por parte del usuario a alguna parte de los Contenidos o servicios ofertados en la web, puede ser necesaria la previa cumplimentaci\u00f3n de formularios de alta, o similar, en los que se le solicite al usuario la introducci\u00f3n de datos de car\u00e1cter personal.<\/p>\n<p style=\"text-align: justify;\"><strong>1.5.<\/strong>&nbsp;<strong>AISG-Sevilla<\/strong>&nbsp;se compromete en la utilizaci\u00f3n de los datos incluidos en el fichero anteriormente referido, a respetar su confidencialidad y a utilizarlos de acuerdo con la finalidad del fichero, as\u00ed como a dar cumplimiento a su obligaci\u00f3n de guardarlos y adaptar todas las medidas para evitar la alteraci\u00f3n, p\u00e9rdida, tratamiento o acceso no autorizado, de acuerdo con lo establecimiento en el Reglamento de Medidas de Seguridad de los ficheros automatizados que contengan datos de car\u00e1cter personal, aprobando por el Real Decreto 994\/1999, de 11 de julio.<\/p>\n","protected":false},"excerpt":{"rendered":"<p>POL\u00cdTICA DE PROTECCI\u00d3N DE DATOS DE CAR\u00c1CTER PERSONAL: 1.1&nbsp; A los efectos de lo dispuesto en la Ley Org\u00e1nica 15\/1999, de 13 de Diciembre, de Protecci\u00f3n de Datos de Car\u00e1cter Personal, la&nbsp;ASOCIACI\u00d3N SEVILLANA DEL ESCULTISMO ADULTO AKELA&nbsp;informa al Usuario de la existencia de un fichero de datos de car\u00e1cter personal&#8230; <a class=\"continue-reading-link\" href=\"https:\/\/asdea.aisgan.org\/?page_id=1257\">Leer m\u00e1s<\/a><\/p>\n","protected":false},"author":11,"featured_media":0,"parent":0,"menu_order":0,"comment_status":"closed","ping_status":"closed","template":"templates\/template-onecolumn.php","meta":{"ngg_post_thumbnail":0,"footnotes":""},"class_list":["post-1257","page","type-page","status-publish","hentry"],"_links":{"self":[{"href":"https:\/\/asdea.aisgan.org\/index.php?rest_route=\/wp\/v2\/pages\/1257","targetHints":{"allow":["GET"]}}],"collection":[{"href":"https:\/\/asdea.aisgan.org\/index.php?rest_route=\/wp\/v2\/pages"}],"about":[{"href":"https:\/\/asdea.aisgan.org\/index.php?rest_route=\/wp\/v2\/types\/page"}],"author":[{"embeddable":true,"href":"https:\/\/asdea.aisgan.org\/index.php?rest_route=\/wp\/v2\/users\/11"}],"replies":[{"embeddable":true,"href":"https:\/\/asdea.aisgan.org\/index.php?rest_route=%2Fwp%2Fv2%2Fcomments&post=1257"}],"version-history":[{"count":3,"href":"https:\/\/asdea.aisgan.org\/index.php?rest_route=\/wp\/v2\/pages\/1257\/revisions"}],"predecessor-version":[{"id":1504,"href":"https:\/\/asdea.aisgan.org\/index.php?rest_route=\/wp\/v2\/pages\/1257\/revisions\/1504"}],"wp:attachment":[{"href":"https:\/\/asdea.aisgan.org\/index.php?rest_route=%2Fwp%2Fv2%2Fmedia&parent=1257"}],"curies":[{"name":"wp","href":"https:\/\/api.w.org\/{rel}","templated":true}]}}